{"id":5744,"date":"2026-03-13T12:58:24","date_gmt":"2026-03-13T04:58:24","guid":{"rendered":"https:\/\/mongolia.com.co\/?post_type=product&#038;p=5744"},"modified":"2026-03-17T21:24:45","modified_gmt":"2026-03-17T13:24:45","slug":"mogoli%cc%87stanin-onemli%cc%87-noktalari","status":"publish","type":"product","link":"https:\/\/mongolia.com.co\/tr\/turlar\/mogoli%cc%87stanin-onemli%cc%87-noktalari\/","title":{"rendered":"Mo\u011folistan'da \u00d6ne \u00c7\u0131kanlar"},"content":{"rendered":"<p>Bu <a href=\"https:\/\/mongolia.com.co\/tr\/?page_id=953\">Mo\u011folistan kendi kendine s\u00fcr\u00fc\u015f turu<\/a> Orta Mo\u011folistan'\u0131n en etkileyici manzaralar\u0131nda on g\u00fcn boyunca yolculuk yapman\u0131z\u0131 sa\u011flar; Ulaanbaatar \u00e7evresindeki u\u00e7suz bucaks\u0131z steplerden ye\u015fil Orhun Vadisi'ne ve Arhangay b\u00f6lgesinin sakin g\u00f6llerine kadar.<\/p>\n<p>Var\u0131\u015f\u0131n\u0131zdan k\u0131sa bir s\u00fcre sonra, devasa Chinggis Khan heykeli ve Gorkhi Terelj Milli Park\u0131'n\u0131n yer ald\u0131\u011f\u0131 granit olu\u015fumlar\u0131, geni\u015f vadiler ve g\u00f6\u00e7ebe k\u00fclt\u00fcrle ilgili ilk g\u00f6rkemli izlenimlerinizi ya\u015fayacaks\u0131n\u0131z.<br \/>\nYolculu\u011funuza devam ederken, \u00fclkenin \u00e7e\u015fitli jeolojisini ke\u015ffedeceksiniz: Baga Gazriin Chuluu'nun \u00e7arp\u0131c\u0131 kaya olu\u015fumlar\u0131, Elsen Tasarkhai'nin yumu\u015fak kum tepeleri ve UNESCO korumal\u0131 Orhun Vadisi'nin engin nehir manzaralar\u0131. Yol boyunca g\u00f6\u00e7ebe ailelerle tan\u0131\u015facak, geleneksel ya\u015fam tarzlar\u0131n\u0131 deneyimleyecek ve Mo\u011fol do\u011fas\u0131n\u0131n \u00f6zel sessizli\u011finin ve enginli\u011finin tad\u0131n\u0131 \u00e7\u0131karacaks\u0131n\u0131z.<br \/>\nBu gezi, aktif do\u011fa deneyimlerini k\u00fclt\u00fcrel zirvelerle birle\u015ftiriyor: volkanik manzaralarda y\u00fcr\u00fcy\u00fc\u015fler, Tsenkher'deki kapl\u0131calarda dinlenme, tarihi ba\u015fkent Karakurum'a bir ziyaret ve Erdene Zuu manast\u0131r\u0131. Ugii G\u00f6l\u00fc'nde, Khustai Milli Park\u0131'nda nadir g\u00f6r\u00fclen Prjevalski atlar\u0131n\u0131 vah\u015fi ya\u015famda g\u00f6rmeden \u00f6nce huzurlu g\u00fcn bat\u0131mlar\u0131n\u0131n ve m\u00fckemmel ku\u015f g\u00f6zlem olanaklar\u0131n\u0131n tad\u0131n\u0131 \u00e7\u0131karabilirsiniz.<\/p>\n<p>Bu tur, Mo\u011folistan'\u0131n \u00fcnl\u00fc simge yap\u0131lar\u0131n\u0131 esnek ve yo\u011fun bir \u015fekilde ke\u015ffetmek isteyen gezginler i\u00e7in idealdir. Ba\u011f\u0131ms\u0131z olarak araba kullan\u0131rs\u0131n\u0131z, ancak ayr\u0131nt\u0131l\u0131 bir brifing ve uzaktan destek e\u015fli\u011finde, bozk\u0131rlardan kuma, nehir vadilerinden alp platolar\u0131na kadar s\u00fcrekli de\u011fi\u015fen manzaralar aras\u0131nda seyahat edersiniz. Mo\u011folistan'\u0131n orijinal kalbine derin bir bak\u0131\u015f sa\u011flayan, z\u0131tl\u0131klarla, do\u011fa deneyimleriyle ve otantik kar\u015f\u0131la\u015fmalarla dolu bir yolculuk.<\/p>","protected":false},"excerpt":{"rendered":"<p>B\u00fcy\u00fcleyici kendi kendine s\u00fcr\u00fc\u015f turuyla Mo\u011folistan'\u0131n \u00d6ne \u00c7\u0131kanlar\u0131n\u0131 Ke\u015ffedin!<\/p>","protected":false},"featured_media":4069,"comment_status":"open","ping_status":"closed","template":"","meta":{"_acf_changed":false,"iawp_total_views":138},"product_brand":[],"product_cat":[17],"product_tag":[],"class_list":{"0":"post-5744","1":"product","2":"type-product","3":"status-publish","4":"has-post-thumbnail","6":"product_cat-tours","8":"first","9":"instock","10":"virtual","11":"sold-individually","12":"purchasable","13":"product-type-booking"},"acf":[],"_links":{"self":[{"href":"https:\/\/mongolia.com.co\/tr\/wp-json\/wp\/v2\/product\/5744","targetHints":{"allow":["GET"]}}],"collection":[{"href":"https:\/\/mongolia.com.co\/tr\/wp-json\/wp\/v2\/product"}],"about":[{"href":"https:\/\/mongolia.com.co\/tr\/wp-json\/wp\/v2\/types\/product"}],"replies":[{"embeddable":true,"href":"https:\/\/mongolia.com.co\/tr\/wp-json\/wp\/v2\/comments?post=5744"}],"version-history":[{"count":17,"href":"https:\/\/mongolia.com.co\/tr\/wp-json\/wp\/v2\/product\/5744\/revisions"}],"predecessor-version":[{"id":5819,"href":"https:\/\/mongolia.com.co\/tr\/wp-json\/wp\/v2\/product\/5744\/revisions\/5819"}],"wp:featuredmedia":[{"embeddable":true,"href":"https:\/\/mongolia.com.co\/tr\/wp-json\/wp\/v2\/media\/4069"}],"wp:attachment":[{"href":"https:\/\/mongolia.com.co\/tr\/wp-json\/wp\/v2\/media?parent=5744"}],"wp:term":[{"taxonomy":"product_brand","embeddable":true,"href":"https:\/\/mongolia.com.co\/tr\/wp-json\/wp\/v2\/product_brand?post=5744"},{"taxonomy":"product_cat","embeddable":true,"href":"https:\/\/mongolia.com.co\/tr\/wp-json\/wp\/v2\/product_cat?post=5744"},{"taxonomy":"product_tag","embeddable":true,"href":"https:\/\/mongolia.com.co\/tr\/wp-json\/wp\/v2\/product_tag?post=5744"}],"curies":[{"name":"wp","href":"https:\/\/api.w.org\/{rel}","templated":true}]}}