{"id":5908,"date":"2026-04-12T21:28:03","date_gmt":"2026-04-12T13:28:03","guid":{"rendered":"https:\/\/mongolia.com.co\/?post_type=product&#038;p=5908"},"modified":"2026-04-12T22:39:59","modified_gmt":"2026-04-12T14:39:59","slug":"doga-inzivasi","status":"publish","type":"product","link":"https:\/\/mongolia.com.co\/tr\/turlar\/doga-inzivasi\/","title":{"rendered":"Do\u011fa inzivas\u0131"},"content":{"rendered":"<p class=\"section-body\">Elsen Taserkhai - \u201cMini Gobi\u201d olarak da bilinen - Ulaanbaatar'a sadece birka\u00e7 saat uzakl\u0131kta, da\u011flar ve bozk\u0131r aras\u0131nda s\u0131k\u0131\u015fm\u0131\u015f geni\u015f bir kumul yelpazesidir. Bu 6 g\u00fcnl\u00fck inziva, yava\u015flamak isteyen gezginler i\u00e7in tasarlanm\u0131\u015ft\u0131r: arka arkaya gezi yok, zorunlu programlar yok. G\u00fcnlerinizi g\u00fcn do\u011fumunda deve gezileri, kumullara uzun y\u00fcr\u00fcy\u00fc\u015fler, g\u00f6\u00e7ebe bir ailenin yan\u0131nda ge\u00e7irilen ak\u015famlar veya sadece hi\u00e7bir \u015fey yapmamakla doldurabilirsiniz. Daha fazlas\u0131n\u0131 isteyenler i\u00e7in mum \u0131\u015f\u0131\u011f\u0131nda kuzu yemeklerinden korulang kedisi foto\u011fraf\u00e7\u0131l\u0131\u011f\u0131na kadar \u00f6nceden rezerve edilebilen deneyimlerden olu\u015fan bir men\u00fc her zaman haz\u0131rd\u0131r.<\/p>\n<p>&nbsp;<\/p>\n<p class=\"section-body\">Paket, tamamen \u00f6zel bir deneyim olarak veya y\u0131lda bir kez, g\u00fcnde iki k\u00fcrat\u00f6rl\u00fc aktivitenin d\u00fczenlenip dahil edildi\u011fi k\u00fc\u00e7\u00fck grup kalk\u0131\u015f\u0131 olarak rezerve edilebilir.<\/p>","protected":false},"excerpt":{"rendered":"<p>Do\u011fayla i\u00e7 i\u00e7e, u\u00e7suz bucaks\u0131z alanlarda, sessizlik i\u00e7inde ve canland\u0131r\u0131c\u0131 aktivitelerle dolu bir hafta ge\u00e7irin.<\/p>","protected":false},"featured_media":5911,"comment_status":"open","ping_status":"closed","template":"","meta":{"_acf_changed":false,"iawp_total_views":54},"product_brand":[],"product_cat":[17],"product_tag":[],"class_list":{"0":"post-5908","1":"product","2":"type-product","3":"status-publish","4":"has-post-thumbnail","6":"product_cat-tours","8":"first","9":"instock","10":"virtual","11":"sold-individually","12":"purchasable","13":"product-type-booking"},"acf":[],"_links":{"self":[{"href":"https:\/\/mongolia.com.co\/tr\/wp-json\/wp\/v2\/product\/5908","targetHints":{"allow":["GET"]}}],"collection":[{"href":"https:\/\/mongolia.com.co\/tr\/wp-json\/wp\/v2\/product"}],"about":[{"href":"https:\/\/mongolia.com.co\/tr\/wp-json\/wp\/v2\/types\/product"}],"replies":[{"embeddable":true,"href":"https:\/\/mongolia.com.co\/tr\/wp-json\/wp\/v2\/comments?post=5908"}],"version-history":[{"count":18,"href":"https:\/\/mongolia.com.co\/tr\/wp-json\/wp\/v2\/product\/5908\/revisions"}],"predecessor-version":[{"id":5967,"href":"https:\/\/mongolia.com.co\/tr\/wp-json\/wp\/v2\/product\/5908\/revisions\/5967"}],"wp:featuredmedia":[{"embeddable":true,"href":"https:\/\/mongolia.com.co\/tr\/wp-json\/wp\/v2\/media\/5911"}],"wp:attachment":[{"href":"https:\/\/mongolia.com.co\/tr\/wp-json\/wp\/v2\/media?parent=5908"}],"wp:term":[{"taxonomy":"product_brand","embeddable":true,"href":"https:\/\/mongolia.com.co\/tr\/wp-json\/wp\/v2\/product_brand?post=5908"},{"taxonomy":"product_cat","embeddable":true,"href":"https:\/\/mongolia.com.co\/tr\/wp-json\/wp\/v2\/product_cat?post=5908"},{"taxonomy":"product_tag","embeddable":true,"href":"https:\/\/mongolia.com.co\/tr\/wp-json\/wp\/v2\/product_tag?post=5908"}],"curies":[{"name":"wp","href":"https:\/\/api.w.org\/{rel}","templated":true}]}}